{"id":7372,"date":"2025-01-23T15:26:46","date_gmt":"2025-01-23T14:26:46","guid":{"rendered":"https:\/\/auricoste.com\/terms-and-conditions-of-sale\/"},"modified":"2025-10-31T17:58:20","modified_gmt":"2025-10-31T16:58:20","slug":"terms-and-conditions-of-sale","status":"publish","type":"page","link":"https:\/\/auricoste.com\/en\/terms-and-conditions-of-sale\/","title":{"rendered":"Terms and conditions of sale"},"content":{"rendered":"\t\t<div data-elementor-type=\"wp-page\" data-elementor-id=\"7372\" class=\"elementor elementor-7372 elementor-7361\" data-elementor-post-type=\"page\">\n\t\t\t\t<div data-particle_enable=\"false\" data-particle-mobile-disabled=\"false\" class=\"elementor-element elementor-element-c0e4eaf e-con-full e-flex e-con e-parent\" data-id=\"c0e4eaf\" data-element_type=\"container\" data-e-type=\"container\">\n\t\t<div data-particle_enable=\"false\" data-particle-mobile-disabled=\"false\" class=\"elementor-element elementor-element-c997420 e-con-full e-flex e-con e-child\" data-id=\"c997420\" data-element_type=\"container\" data-e-type=\"container\" data-settings=\"{&quot;animation&quot;:&quot;none&quot;}\">\n\t\t<div data-particle_enable=\"false\" data-particle-mobile-disabled=\"false\" class=\"elementor-element elementor-element-6e190cc e-con-full animated-slow e-flex elementor-invisible e-con e-child\" data-id=\"6e190cc\" data-element_type=\"container\" data-e-type=\"container\" data-settings=\"{&quot;animation&quot;:&quot;fadeIn&quot;,&quot;animation_delay&quot;:1000}\">\n\t\t\t\t<div class=\"elementor-element elementor-element-81b52e4 exad-sticky-section-no exad-glass-effect-no elementor-widget elementor-widget-text-editor\" data-id=\"81b52e4\" data-element_type=\"widget\" data-e-type=\"widget\" data-widget_type=\"text-editor.default\">\n\t\t\t\t<div class=\"elementor-widget-container\">\n\t\t\t\t\t\t\t\t\t<h1>Terms and conditions of sale<span style=\"color: #a91500;\">.<\/span><\/h1>\t\t\t\t\t\t\t\t<\/div>\n\t\t\t\t<\/div>\n\t\t\t\t<\/div>\n\t\t\t\t<\/div>\n\t\t\t\t<\/div>\n\t\t<div data-particle_enable=\"false\" data-particle-mobile-disabled=\"false\" class=\"elementor-element elementor-element-d33ccae e-con-full e-flex e-con e-parent\" data-id=\"d33ccae\" data-element_type=\"container\" data-e-type=\"container\" data-settings=\"{&quot;background_background&quot;:&quot;classic&quot;}\">\n\t\t\t\t<div class=\"elementor-element elementor-element-4c4d077 exad-sticky-section-no exad-glass-effect-no elementor-widget elementor-widget-text-editor\" data-id=\"4c4d077\" data-element_type=\"widget\" data-e-type=\"widget\" data-widget_type=\"text-editor.default\">\n\t\t\t\t<div class=\"elementor-widget-container\">\n\t\t\t\t\t\t\t\t\t<p>ARTICLE 1 &#8211; SCOPE OF THE GENERAL TERMS AND CONDITIONS OF SALE<\/p><p>These General Terms and Conditions of Sale (&#8220;GTCS&#8221;) define the rights and obligations of Auricoste, a limited liability company with capital of 80,000 euros, whose registered office is located at 35 rue Fondary, 75015 Paris, France, registered with the Paris Trade and Companies Registry under number 327 544 896 (&#8220;Auricoste&#8221;), and any individual or legal entity (&#8220;Customer&#8221;) wishing to make a purchase from the official Auricoste website (&#8220;Site&#8221;).<\/p><p>By validating an order on the Site, the Customer acknowledges that he\/she has read and unreservedly accepts these GCS. Auricoste reserves the right to modify the GCS at any time. The applicable terms and conditions are those in force on the date the order is validated by the Customer.  <\/p><p>ARTICLE 2 &#8211; ORDERING PROCESS<\/p><p>2.1. Identification and Validation<\/p><p>To place an order, the Customer selects the desired product(s) and provides the following information:<\/p><p>Last name, first name, billing and delivery address, e-mail address, telephone number.<\/p><p>2.2. Payment<\/p><p>The customer pays using one of the secure methods available: credit card via the secure Stripe platform, bank transfer or PayPal. An order confirmation is sent by email containing a summary of the order. <\/p><p>2.3. Order Refusal<\/p><p>Auricoste reserves the right to suspend or cancel any order in the event of suspicion of fraudulent payment, previous dispute with the Customer or non-payment of a previous order.<br><br><\/p><p>ARTICLE 3 &#8211; PRICES<\/p><p>The prices of products displayed on the Site are expressed in euros and include VAT applicable in France. Delivery charges are mentioned separately when the order is validated. For orders outside the European Union, customs duties or other taxes may apply and are the exclusive responsibility of the Customer.  <\/p><p>ARTICLE 4 &#8211; DELIVERY<\/p><p>4.1. Lead times and availability<\/p><p>Products are delivered to the address indicated by the Customer within a maximum of 30 days following validation of the order. If a product is unavailable, the Customer will be informed and will have the option of obtaining a refund or choosing a replacement product. <\/p><p>4.2. Delivery charges<\/p><p>Delivery costs are calculated carriage paid on orders over 50 euros inc.<\/p>\t\t\t\t\t\t\t\t<\/div>\n\t\t\t\t<\/div>\n\t\t\t\t<\/div>\n\t\t<div data-particle_enable=\"false\" data-particle-mobile-disabled=\"false\" class=\"elementor-element elementor-element-f83d411 e-flex e-con-boxed e-con e-parent\" data-id=\"f83d411\" data-element_type=\"container\" data-e-type=\"container\">\n\t\t\t\t\t<div class=\"e-con-inner\">\n\t\t\t\t<div class=\"elementor-element elementor-element-7c3a6d2 exad-sticky-section-no exad-glass-effect-no elementor-widget elementor-widget-text-editor\" data-id=\"7c3a6d2\" data-element_type=\"widget\" data-e-type=\"widget\" data-widget_type=\"text-editor.default\">\n\t\t\t\t<div class=\"elementor-widget-container\">\n\t\t\t\t\t\t\t\t\t<p>ARTICLE 5 &#8211; RIGHT OF WITHDRAWAL<\/p><p>5.1. Conditions<\/p><p>The customer has a period of 14 calendar days to exercise his right of withdrawal, without having to justify his reasons. This period runs from receipt of the products. <\/p><p>5.2. Return procedure<\/p><p>The Customer must notify Auricoste of his decision to withdraw by e-mail (to the address info@auricoste.fr) or by post sent to : Auricoste, 35 rue Fondary, 75015 Paris, France.<br>Products must be returned in their original packaging, in perfect condition, accompanied by proof of purchase. Return shipping costs are at the customer&#8217;s expense. <\/p><p>5.3. Refund<\/p><p>Auricoste will refund the price of the product within a maximum of 15 days following receipt of the returned products.<\/p><p>ARTICLE 6 &#8211; LEGAL WARRANTIES<\/p><p>Auricoste applies the following legal guarantees:<br>&#8211; Legal guarantee of conformity (Articles L.217-4 to L.217-14 of the French Consumer Code): Valid for 2 years from delivery.<br>&#8211; Warranty against hidden defects (Articles 1641 to 1649 of the French Civil Code).<\/p><p>ARTICLE 7 &#8211; LIABILITY<\/p><p>Auricoste cannot be held responsible for any indirect damage resulting from the use of its products. The products comply with current French legislation. It is the Customer&#8217;s responsibility to verify the conformity of the products with the legislation of his country of residence.  <\/p><p>ARTICLE 8 &#8211; PERSONAL DATA<\/p><p>The information collected is processed for order management purposes. In accordance with the French Data Protection Act of January 6, 1978, customers have the right to access, rectify and delete their personal data. <\/p><p>ARTICLE 9 &#8211; SETTLEMENT OF DISPUTES<\/p><p>In the event of a dispute, the parties will endeavor to find an amicable solution. Failing agreement, the dispute will be referred to the competent Paris courts. A mediation procedure is also available via the European platform https:\/\/ec.europa.eu\/consumers\/odr.  <\/p><p>Terms of use<\/p><p>Auricoste<br>SARL au capital de 80.000 \u20ac<br>Si\u00e8ge social : 35 rue Fondary, 75015 Paris, France<br>R.C.S Paris 327 544 896<br>Num\u00e9ro de TVA intracommunautaire : FR 62327544896<br>Email : info@auricoste.fr<br>T\u00e9l\u00e9phone : +33 1 45 78 61 11<\/p>\t\t\t\t\t\t\t\t<\/div>\n\t\t\t\t<\/div>\n\t\t\t\t\t<\/div>\n\t\t\t\t<\/div>\n\t\t\t\t<\/div>\n\t\t","protected":false},"excerpt":{"rendered":"<p>Terms and conditions of sale. ARTICLE 1 &#8211; SCOPE OF THE GENERAL TERMS AND CONDITIONS OF SALE These General Terms and Conditions of Sale (&#8220;GTCS&#8221;) define the rights and obligations of Auricoste, a limited liability company with capital of 80,000 euros, whose registered office is located at 35 rue Fondary, 75015 Paris, France, registered with [&hellip;]<\/p>\n","protected":false},"author":5,"featured_media":3128,"parent":0,"menu_order":0,"comment_status":"closed","ping_status":"closed","template":"","meta":{"footnotes":""},"folder":[],"class_list":["post-7372","page","type-page","status-publish","has-post-thumbnail","hentry"],"yoast_head":"<!-- This site is optimized with the Yoast SEO plugin v27.3 - https:\/\/yoast.com\/product\/yoast-seo-wordpress\/ -->\n<title>Legal Notice - Auricoste, Horlogerie de Prestige depuis 1854<\/title>\n<meta name=\"description\" content=\"Consult the legal notice of the Auricoste website. Discover our commitments, our privacy policy and our contact details.\" \/>\n<meta name=\"robots\" content=\"index, follow, max-snippet:-1, max-image-preview:large, max-video-preview:-1\" \/>\n<link rel=\"canonical\" href=\"https:\/\/auricoste.com\/en\/terms-and-conditions-of-sale\/\" \/>\n<meta property=\"og:locale\" content=\"en_US\" \/>\n<meta property=\"og:type\" content=\"article\" \/>\n<meta property=\"og:title\" content=\"Legal Notice - Auricoste, Horlogerie de Prestige depuis 1854\" \/>\n<meta property=\"og:description\" content=\"Consult the legal notice of the Auricoste website. Discover our commitments, our privacy policy and our contact details.\" \/>\n<meta property=\"og:url\" content=\"https:\/\/auricoste.com\/en\/terms-and-conditions-of-sale\/\" \/>\n<meta property=\"og:site_name\" content=\"Auricoste\" \/>\n<meta property=\"article:publisher\" content=\"https:\/\/www.facebook.com\/profile.php?id=100068371540224\" \/>\n<meta property=\"article:modified_time\" content=\"2025-10-31T16:58:20+00:00\" \/>\n<meta property=\"og:image\" content=\"https:\/\/auricoste.com\/wp-content\/uploads\/2023\/04\/Logo-AURICOSTE-histoire-4.png\" \/>\n\t<meta property=\"og:image:width\" content=\"2048\" \/>\n\t<meta property=\"og:image:height\" content=\"2048\" \/>\n\t<meta property=\"og:image:type\" content=\"image\/png\" \/>\n<meta name=\"twitter:card\" content=\"summary_large_image\" \/>\n<meta name=\"twitter:label1\" content=\"Est. reading time\" \/>\n\t<meta name=\"twitter:data1\" content=\"3 minutes\" \/>\n<script type=\"application\/ld+json\" class=\"yoast-schema-graph\">{\"@context\":\"https:\\\/\\\/schema.org\",\"@graph\":[{\"@type\":\"WebPage\",\"@id\":\"https:\\\/\\\/auricoste.com\\\/en\\\/terms-and-conditions-of-sale\\\/\",\"url\":\"https:\\\/\\\/auricoste.com\\\/en\\\/terms-and-conditions-of-sale\\\/\",\"name\":\"Legal Notice - Auricoste, Horlogerie de Prestige depuis 1854\",\"isPartOf\":{\"@id\":\"https:\\\/\\\/auricoste.com\\\/en\\\/#website\"},\"primaryImageOfPage\":{\"@id\":\"https:\\\/\\\/auricoste.com\\\/en\\\/terms-and-conditions-of-sale\\\/#primaryimage\"},\"image\":{\"@id\":\"https:\\\/\\\/auricoste.com\\\/en\\\/terms-and-conditions-of-sale\\\/#primaryimage\"},\"thumbnailUrl\":\"https:\\\/\\\/auricoste.com\\\/wp-content\\\/uploads\\\/2023\\\/04\\\/Logo-AURICOSTE-histoire-4.png\",\"datePublished\":\"2025-01-23T14:26:46+00:00\",\"dateModified\":\"2025-10-31T16:58:20+00:00\",\"description\":\"Consult the legal notice of the Auricoste website. Discover our commitments, our privacy policy and our contact details.\",\"breadcrumb\":{\"@id\":\"https:\\\/\\\/auricoste.com\\\/en\\\/terms-and-conditions-of-sale\\\/#breadcrumb\"},\"inLanguage\":\"en-US\",\"potentialAction\":[{\"@type\":\"ReadAction\",\"target\":[\"https:\\\/\\\/auricoste.com\\\/en\\\/terms-and-conditions-of-sale\\\/\"]}]},{\"@type\":\"ImageObject\",\"inLanguage\":\"en-US\",\"@id\":\"https:\\\/\\\/auricoste.com\\\/en\\\/terms-and-conditions-of-sale\\\/#primaryimage\",\"url\":\"https:\\\/\\\/auricoste.com\\\/wp-content\\\/uploads\\\/2023\\\/04\\\/Logo-AURICOSTE-histoire-4.png\",\"contentUrl\":\"https:\\\/\\\/auricoste.com\\\/wp-content\\\/uploads\\\/2023\\\/04\\\/Logo-AURICOSTE-histoire-4.png\",\"width\":2048,\"height\":2048},{\"@type\":\"BreadcrumbList\",\"@id\":\"https:\\\/\\\/auricoste.com\\\/en\\\/terms-and-conditions-of-sale\\\/#breadcrumb\",\"itemListElement\":[{\"@type\":\"ListItem\",\"position\":1,\"name\":\"Home\",\"item\":\"https:\\\/\\\/auricoste.com\\\/en\\\/home\\\/\"},{\"@type\":\"ListItem\",\"position\":2,\"name\":\"Terms and conditions of sale\"}]},{\"@type\":\"WebSite\",\"@id\":\"https:\\\/\\\/auricoste.com\\\/en\\\/#website\",\"url\":\"https:\\\/\\\/auricoste.com\\\/en\\\/\",\"name\":\"Auricoste\",\"description\":\"\",\"publisher\":{\"@id\":\"https:\\\/\\\/auricoste.com\\\/en\\\/#organization\"},\"potentialAction\":[{\"@type\":\"SearchAction\",\"target\":{\"@type\":\"EntryPoint\",\"urlTemplate\":\"https:\\\/\\\/auricoste.com\\\/en\\\/?s={search_term_string}\"},\"query-input\":{\"@type\":\"PropertyValueSpecification\",\"valueRequired\":true,\"valueName\":\"search_term_string\"}}],\"inLanguage\":\"en-US\"},{\"@type\":\"Organization\",\"@id\":\"https:\\\/\\\/auricoste.com\\\/en\\\/#organization\",\"name\":\"Auricoste\",\"url\":\"https:\\\/\\\/auricoste.com\\\/en\\\/\",\"logo\":{\"@type\":\"ImageObject\",\"inLanguage\":\"en-US\",\"@id\":\"https:\\\/\\\/auricoste.com\\\/en\\\/#\\\/schema\\\/logo\\\/image\\\/\",\"url\":\"https:\\\/\\\/auricoste.com\\\/wp-content\\\/uploads\\\/2023\\\/02\\\/2018-Logo-AURICOSTE-complet-BLANC.png\",\"contentUrl\":\"https:\\\/\\\/auricoste.com\\\/wp-content\\\/uploads\\\/2023\\\/02\\\/2018-Logo-AURICOSTE-complet-BLANC.png\",\"width\":302,\"height\":202,\"caption\":\"Auricoste\"},\"image\":{\"@id\":\"https:\\\/\\\/auricoste.com\\\/en\\\/#\\\/schema\\\/logo\\\/image\\\/\"},\"sameAs\":[\"https:\\\/\\\/www.facebook.com\\\/profile.php?id=100068371540224\"]}]}<\/script>\n<!-- \/ Yoast SEO plugin. -->","yoast_head_json":{"title":"Legal Notice - Auricoste, Horlogerie de Prestige depuis 1854","description":"Consult the legal notice of the Auricoste website. Discover our commitments, our privacy policy and our contact details.","robots":{"index":"index","follow":"follow","max-snippet":"max-snippet:-1","max-image-preview":"max-image-preview:large","max-video-preview":"max-video-preview:-1"},"canonical":"https:\/\/auricoste.com\/en\/terms-and-conditions-of-sale\/","og_locale":"en_US","og_type":"article","og_title":"Legal Notice - Auricoste, Horlogerie de Prestige depuis 1854","og_description":"Consult the legal notice of the Auricoste website. Discover our commitments, our privacy policy and our contact details.","og_url":"https:\/\/auricoste.com\/en\/terms-and-conditions-of-sale\/","og_site_name":"Auricoste","article_publisher":"https:\/\/www.facebook.com\/profile.php?id=100068371540224","article_modified_time":"2025-10-31T16:58:20+00:00","og_image":[{"width":2048,"height":2048,"url":"https:\/\/auricoste.com\/wp-content\/uploads\/2023\/04\/Logo-AURICOSTE-histoire-4.png","type":"image\/png"}],"twitter_card":"summary_large_image","twitter_misc":{"Est. reading time":"3 minutes"},"schema":{"@context":"https:\/\/schema.org","@graph":[{"@type":"WebPage","@id":"https:\/\/auricoste.com\/en\/terms-and-conditions-of-sale\/","url":"https:\/\/auricoste.com\/en\/terms-and-conditions-of-sale\/","name":"Legal Notice - Auricoste, Horlogerie de Prestige depuis 1854","isPartOf":{"@id":"https:\/\/auricoste.com\/en\/#website"},"primaryImageOfPage":{"@id":"https:\/\/auricoste.com\/en\/terms-and-conditions-of-sale\/#primaryimage"},"image":{"@id":"https:\/\/auricoste.com\/en\/terms-and-conditions-of-sale\/#primaryimage"},"thumbnailUrl":"https:\/\/auricoste.com\/wp-content\/uploads\/2023\/04\/Logo-AURICOSTE-histoire-4.png","datePublished":"2025-01-23T14:26:46+00:00","dateModified":"2025-10-31T16:58:20+00:00","description":"Consult the legal notice of the Auricoste website. Discover our commitments, our privacy policy and our contact details.","breadcrumb":{"@id":"https:\/\/auricoste.com\/en\/terms-and-conditions-of-sale\/#breadcrumb"},"inLanguage":"en-US","potentialAction":[{"@type":"ReadAction","target":["https:\/\/auricoste.com\/en\/terms-and-conditions-of-sale\/"]}]},{"@type":"ImageObject","inLanguage":"en-US","@id":"https:\/\/auricoste.com\/en\/terms-and-conditions-of-sale\/#primaryimage","url":"https:\/\/auricoste.com\/wp-content\/uploads\/2023\/04\/Logo-AURICOSTE-histoire-4.png","contentUrl":"https:\/\/auricoste.com\/wp-content\/uploads\/2023\/04\/Logo-AURICOSTE-histoire-4.png","width":2048,"height":2048},{"@type":"BreadcrumbList","@id":"https:\/\/auricoste.com\/en\/terms-and-conditions-of-sale\/#breadcrumb","itemListElement":[{"@type":"ListItem","position":1,"name":"Home","item":"https:\/\/auricoste.com\/en\/home\/"},{"@type":"ListItem","position":2,"name":"Terms and conditions of sale"}]},{"@type":"WebSite","@id":"https:\/\/auricoste.com\/en\/#website","url":"https:\/\/auricoste.com\/en\/","name":"Auricoste","description":"","publisher":{"@id":"https:\/\/auricoste.com\/en\/#organization"},"potentialAction":[{"@type":"SearchAction","target":{"@type":"EntryPoint","urlTemplate":"https:\/\/auricoste.com\/en\/?s={search_term_string}"},"query-input":{"@type":"PropertyValueSpecification","valueRequired":true,"valueName":"search_term_string"}}],"inLanguage":"en-US"},{"@type":"Organization","@id":"https:\/\/auricoste.com\/en\/#organization","name":"Auricoste","url":"https:\/\/auricoste.com\/en\/","logo":{"@type":"ImageObject","inLanguage":"en-US","@id":"https:\/\/auricoste.com\/en\/#\/schema\/logo\/image\/","url":"https:\/\/auricoste.com\/wp-content\/uploads\/2023\/02\/2018-Logo-AURICOSTE-complet-BLANC.png","contentUrl":"https:\/\/auricoste.com\/wp-content\/uploads\/2023\/02\/2018-Logo-AURICOSTE-complet-BLANC.png","width":302,"height":202,"caption":"Auricoste"},"image":{"@id":"https:\/\/auricoste.com\/en\/#\/schema\/logo\/image\/"},"sameAs":["https:\/\/www.facebook.com\/profile.php?id=100068371540224"]}]}},"jetpack_sharing_enabled":true,"_links":{"self":[{"href":"https:\/\/auricoste.com\/en\/wp-json\/wp\/v2\/pages\/7372","targetHints":{"allow":["GET"]}}],"collection":[{"href":"https:\/\/auricoste.com\/en\/wp-json\/wp\/v2\/pages"}],"about":[{"href":"https:\/\/auricoste.com\/en\/wp-json\/wp\/v2\/types\/page"}],"author":[{"embeddable":true,"href":"https:\/\/auricoste.com\/en\/wp-json\/wp\/v2\/users\/5"}],"replies":[{"embeddable":true,"href":"https:\/\/auricoste.com\/en\/wp-json\/wp\/v2\/comments?post=7372"}],"version-history":[{"count":0,"href":"https:\/\/auricoste.com\/en\/wp-json\/wp\/v2\/pages\/7372\/revisions"}],"wp:featuredmedia":[{"embeddable":true,"href":"https:\/\/auricoste.com\/en\/wp-json\/wp\/v2\/media\/3128"}],"wp:attachment":[{"href":"https:\/\/auricoste.com\/en\/wp-json\/wp\/v2\/media?parent=7372"}],"wp:term":[{"taxonomy":"folder","embeddable":true,"href":"https:\/\/auricoste.com\/en\/wp-json\/wp\/v2\/folder?post=7372"}],"curies":[{"name":"wp","href":"https:\/\/api.w.org\/{rel}","templated":true}]}}